{"id":1535,"date":"2023-12-11T14:38:22","date_gmt":"2023-12-11T14:38:22","guid":{"rendered":"https:\/\/gandj.co.il\/?page_id=1535"},"modified":"2023-12-11T14:41:56","modified_gmt":"2023-12-11T14:41:56","slug":"relais-chateaux","status":"publish","type":"page","link":"https:\/\/gandj.co.il\/en\/relais-chateaux\/","title":{"rendered":"Relais &amp; Ch\u00e2teaux"},"content":{"rendered":"\t\t<div data-elementor-type=\"wp-post\" data-elementor-id=\"1535\" class=\"elementor elementor-1535 elementor-1534\" data-elementor-post-type=\"page\">\n\t\t\t\t\t\t<section class=\"elementor-section elementor-top-section elementor-element elementor-element-bf45f17 elementor-section-full_width elementor-section-height-min-height elementor-section-stretched elementor-section-height-default elementor-section-items-middle\" data-id=\"bf45f17\" data-element_type=\"section\" data-e-type=\"section\" data-settings=\"{&quot;stretch_section&quot;:&quot;section-stretched&quot;}\">\n\t\t\t\t\t\t<div class=\"elementor-container elementor-column-gap-default\">\n\t\t\t\t\t<div class=\"elementor-column elementor-col-100 elementor-top-column elementor-element elementor-element-966967d\" data-id=\"966967d\" data-element_type=\"column\" data-e-type=\"column\">\n\t\t\t<div class=\"elementor-widget-wrap elementor-element-populated\">\n\t\t\t\t\t\t<div class=\"elementor-element elementor-element-c7fccda elementor-widget elementor-widget-image\" data-id=\"c7fccda\" data-element_type=\"widget\" data-e-type=\"widget\" data-widget_type=\"image.default\">\n\t\t\t\t<div class=\"elementor-widget-container\">\n\t\t\t\t\t\t\t\t\t\t\t\t\t\t\t<img decoding=\"async\" width=\"155\" height=\"161\" src=\"https:\/\/gandj.co.il\/wp-content\/uploads\/2019\/05\/image001-1.png\" class=\"attachment-large size-large wp-image-1501\" alt=\"\" \/>\t\t\t\t\t\t\t\t\t\t\t\t\t\t\t<\/div>\n\t\t\t\t<\/div>\n\t\t\t\t\t<\/div>\n\t\t<\/div>\n\t\t\t\t\t<\/div>\n\t\t<\/section>\n\t\t\t\t<section class=\"elementor-section elementor-top-section elementor-element elementor-element-9486d65 elementor-section-stretched elementor-section-boxed elementor-section-height-default elementor-section-height-default\" data-id=\"9486d65\" data-element_type=\"section\" data-e-type=\"section\" data-settings=\"{&quot;stretch_section&quot;:&quot;section-stretched&quot;,&quot;background_background&quot;:&quot;classic&quot;}\">\n\t\t\t\t\t\t<div class=\"elementor-container elementor-column-gap-default\">\n\t\t\t\t\t<div class=\"elementor-column elementor-col-100 elementor-top-column elementor-element elementor-element-b78f34b\" data-id=\"b78f34b\" data-element_type=\"column\" data-e-type=\"column\">\n\t\t\t<div class=\"elementor-widget-wrap elementor-element-populated\">\n\t\t\t\t\t\t<div class=\"elementor-element elementor-element-b70d4b7 elementor-widget elementor-widget-text-editor\" data-id=\"b70d4b7\" data-element_type=\"widget\" data-e-type=\"widget\" data-widget_type=\"text-editor.default\">\n\t\t\t\t<div class=\"elementor-widget-container\">\n\t\t\t\t\t\t\t\t\t<p>George and John restaurant is a proud member of Relais &amp; Ch\u00e2teaux association since 2023.<\/p>\n\t\t\t\t\t\t\t\t<\/div>\n\t\t\t\t<\/div>\n\t\t\t\t<div class=\"elementor-element elementor-element-90be1b3 elementor-widget-divider--view-line elementor-widget elementor-widget-divider\" data-id=\"90be1b3\" data-element_type=\"widget\" data-e-type=\"widget\" data-widget_type=\"divider.default\">\n\t\t\t\t<div class=\"elementor-widget-container\">\n\t\t\t\t\t\t\t<div class=\"elementor-divider\">\n\t\t\t<span class=\"elementor-divider-separator\">\n\t\t\t\t\t\t<\/span>\n\t\t<\/div>\n\t\t\t\t\t\t<\/div>\n\t\t\t\t<\/div>\n\t\t\t\t<div class=\"elementor-element elementor-element-fd0e62c elementor-widget elementor-widget-text-editor\" data-id=\"fd0e62c\" data-element_type=\"widget\" data-e-type=\"widget\" data-widget_type=\"text-editor.default\">\n\t\t\t\t<div class=\"elementor-widget-container\">\n\t\t\t\t\t\t\t\t\t<p><strong>Relais &amp; Ch\u00e2teaux &#8211; A movement with meaning<\/strong><\/p>\n\t\t\t\t\t\t\t\t<\/div>\n\t\t\t\t<\/div>\n\t\t\t\t<div class=\"elementor-element elementor-element-8e0cffb elementor-widget elementor-widget-text-editor\" data-id=\"8e0cffb\" data-element_type=\"widget\" data-e-type=\"widget\" data-widget_type=\"text-editor.default\">\n\t\t\t\t<div class=\"elementor-widget-container\">\n\t\t\t\t\t\t\t\t\t<p>Relais &amp; Ch\u00e2teaux, established in 1954, is an association of 580 unique hotels and restaurants throughout the world, owned and operated by independent entrepreneurs \u2013 most often families \u2013 who are passionate about their craft and deeply committed to forging warm, lasting relationships with their guests.<\/p>\n<p>Relais &amp; Ch\u00e2teaux members protect and promote the wealth and diversity of the world\u2019s culinary and hospitality traditions, to ensure they continue to thrive. They are equally dedicated to preserving local heritage and the environment, as articulated in the association\u2019s Vision presented to UNESCO in November 2014.<\/p>\n\t\t\t\t\t\t\t\t<\/div>\n\t\t\t\t<\/div>\n\t\t\t\t<div class=\"elementor-element elementor-element-64c2159 elementor-widget elementor-widget-text-editor\" data-id=\"64c2159\" data-element_type=\"widget\" data-e-type=\"widget\" data-widget_type=\"text-editor.default\">\n\t\t\t\t<div class=\"elementor-widget-container\">\n\t\t\t\t\t\t\t\t\t<p><strong>Relais &amp; Ch\u00e2teaux Values<\/strong><\/p>\n\t\t\t\t\t\t\t\t<\/div>\n\t\t\t\t<\/div>\n\t\t\t\t<div class=\"elementor-element elementor-element-a051f2c elementor-widget elementor-widget-text-editor\" data-id=\"a051f2c\" data-element_type=\"widget\" data-e-type=\"widget\" data-widget_type=\"text-editor.default\">\n\t\t\t\t<div class=\"elementor-widget-container\">\n\t\t\t\t\t\t\t\t\t<p>We believe the most meaningful sense of hospitality invites guests to discover the world in profoundly beautiful ways. As such, the standards we set for the association are subtle, sophisticated and based on emotion. This approach enables guests to truly savor their stay and to treasure its memory.<\/p>\n\t\t\t\t\t\t\t\t<\/div>\n\t\t\t\t<\/div>\n\t\t\t\t<div class=\"elementor-element elementor-element-c9e0c06 elementor-widget elementor-widget-text-editor\" data-id=\"c9e0c06\" data-element_type=\"widget\" data-e-type=\"widget\" data-widget_type=\"text-editor.default\">\n\t\t\t\t<div class=\"elementor-widget-container\">\n\t\t\t\t\t\t\t\t\t<p><strong>FACTS &amp; FIGURES<\/strong><\/p>\n\t\t\t\t\t\t\t\t<\/div>\n\t\t\t\t<\/div>\n\t\t\t\t<div class=\"elementor-element elementor-element-4888967 elementor-widget elementor-widget-text-editor\" data-id=\"4888967\" data-element_type=\"widget\" data-e-type=\"widget\" data-widget_type=\"text-editor.default\">\n\t\t\t\t<div class=\"elementor-widget-container\">\n\t\t\t\t\t\t\t\t\t<p>1 movement<\/p>\n<p>65 countries \u2013 5 continents<\/p>\n<p>580 properties<\/p>\n<p>13,768 rooms and suites \u2013 including 600 villas<\/p>\n<p>42,000 staff members<\/p>\n<p>80 standalone restaurants<\/p>\n<p>340 Michelin stars<\/p>\n<p>300 properties tend kitchen gardens<\/p>\n<p>100 properties keep bees<\/p>\n<p>55 properties produce wine<\/p>\n\t\t\t\t\t\t\t\t<\/div>\n\t\t\t\t<\/div>\n\t\t\t\t<div class=\"elementor-element elementor-element-94f1ff3 elementor-widget-divider--view-line elementor-widget elementor-widget-divider\" data-id=\"94f1ff3\" data-element_type=\"widget\" data-e-type=\"widget\" data-widget_type=\"divider.default\">\n\t\t\t\t<div class=\"elementor-widget-container\">\n\t\t\t\t\t\t\t<div class=\"elementor-divider\">\n\t\t\t<span class=\"elementor-divider-separator\">\n\t\t\t\t\t\t<\/span>\n\t\t<\/div>\n\t\t\t\t\t\t<\/div>\n\t\t\t\t<\/div>\n\t\t\t\t\t<\/div>\n\t\t<\/div>\n\t\t\t\t\t<\/div>\n\t\t<\/section>\n\t\t\t\t<\/div>\n\t\t","protected":false},"excerpt":{"rendered":"<p>George and John restaurant is a proud member of Relais &amp; Ch\u00e2teaux association since 2023. Relais &amp; Ch\u00e2teaux &#8211; A movement with meaning Relais &amp; Ch\u00e2teaux, established in 1954, is an association of 580 unique hotels and restaurants throughout the world, owned and operated by independent entrepreneurs \u2013 most often families \u2013 who are passionate [&hellip;]<\/p>\n","protected":false},"author":2,"featured_media":0,"parent":0,"menu_order":0,"comment_status":"open","ping_status":"closed","template":"elementor_header_footer","meta":{"footnotes":""},"class_list":["post-1535","page","type-page","status-publish","hentry"],"yoast_head":"<!-- This site is optimized with the Yoast SEO plugin v26.1.1 - https:\/\/yoast.com\/wordpress\/plugins\/seo\/ -->\n<title>Relais &amp; Ch\u00e2teaux - GEORGE &amp; JOHN restaurant<\/title>\n<meta name=\"robots\" content=\"index, follow, max-snippet:-1, max-image-preview:large, max-video-preview:-1\" \/>\n<link rel=\"canonical\" href=\"https:\/\/gandj.co.il\/en\/relais-chateaux\/\" \/>\n<meta property=\"og:locale\" content=\"en_US\" \/>\n<meta property=\"og:type\" content=\"article\" \/>\n<meta property=\"og:title\" content=\"Relais &amp; Ch\u00e2teaux - GEORGE &amp; JOHN restaurant\" \/>\n<meta property=\"og:description\" content=\"George and John restaurant is a proud member of Relais &amp; Ch\u00e2teaux association since 2023. Relais &amp; Ch\u00e2teaux &#8211; A movement with meaning Relais &amp; Ch\u00e2teaux, established in 1954, is an association of 580 unique hotels and restaurants throughout the world, owned and operated by independent entrepreneurs \u2013 most often families \u2013 who are passionate [&hellip;]\" \/>\n<meta property=\"og:url\" content=\"https:\/\/gandj.co.il\/en\/relais-chateaux\/\" \/>\n<meta property=\"og:site_name\" content=\"GEORGE &amp; JOHN restaurant\" \/>\n<meta property=\"article:modified_time\" content=\"2023-12-11T14:41:56+00:00\" \/>\n<meta property=\"og:image\" content=\"https:\/\/gandj.co.il\/wp-content\/uploads\/2019\/05\/image001-1.png\" \/>\n<meta name=\"twitter:card\" content=\"summary_large_image\" \/>\n<meta name=\"twitter:label1\" content=\"Est. reading time\" \/>\n\t<meta name=\"twitter:data1\" content=\"1 minute\" \/>\n<script type=\"application\/ld+json\" class=\"yoast-schema-graph\">{\"@context\":\"https:\/\/schema.org\",\"@graph\":[{\"@type\":\"WebPage\",\"@id\":\"https:\/\/gandj.co.il\/en\/relais-chateaux\/\",\"url\":\"https:\/\/gandj.co.il\/en\/relais-chateaux\/\",\"name\":\"Relais &amp; Ch\u00e2teaux - GEORGE &amp; JOHN restaurant\",\"isPartOf\":{\"@id\":\"https:\/\/gandj.co.il\/#website\"},\"primaryImageOfPage\":{\"@id\":\"https:\/\/gandj.co.il\/en\/relais-chateaux\/#primaryimage\"},\"image\":{\"@id\":\"https:\/\/gandj.co.il\/en\/relais-chateaux\/#primaryimage\"},\"thumbnailUrl\":\"https:\/\/gandj.co.il\/wp-content\/uploads\/2019\/05\/image001-1.png\",\"datePublished\":\"2023-12-11T14:38:22+00:00\",\"dateModified\":\"2023-12-11T14:41:56+00:00\",\"breadcrumb\":{\"@id\":\"https:\/\/gandj.co.il\/en\/relais-chateaux\/#breadcrumb\"},\"inLanguage\":\"en-US\",\"potentialAction\":[{\"@type\":\"ReadAction\",\"target\":[\"https:\/\/gandj.co.il\/en\/relais-chateaux\/\"]}]},{\"@type\":\"ImageObject\",\"inLanguage\":\"en-US\",\"@id\":\"https:\/\/gandj.co.il\/en\/relais-chateaux\/#primaryimage\",\"url\":\"https:\/\/gandj.co.il\/wp-content\/uploads\/2019\/05\/image001-1.png\",\"contentUrl\":\"https:\/\/gandj.co.il\/wp-content\/uploads\/2019\/05\/image001-1.png\"},{\"@type\":\"BreadcrumbList\",\"@id\":\"https:\/\/gandj.co.il\/en\/relais-chateaux\/#breadcrumb\",\"itemListElement\":[{\"@type\":\"ListItem\",\"position\":1,\"name\":\"\u05d3\u05e3 \u05d4\u05d1\u05d9\u05ea\",\"item\":\"https:\/\/gandj.co.il\/\"},{\"@type\":\"ListItem\",\"position\":2,\"name\":\"Relais &amp; Ch\u00e2teaux\"}]},{\"@type\":\"WebSite\",\"@id\":\"https:\/\/gandj.co.il\/#website\",\"url\":\"https:\/\/gandj.co.il\/\",\"name\":\"GEORGE & JOHN restaurant\",\"description\":\"by The Drisco\",\"publisher\":{\"@id\":\"https:\/\/gandj.co.il\/#organization\"},\"potentialAction\":[{\"@type\":\"SearchAction\",\"target\":{\"@type\":\"EntryPoint\",\"urlTemplate\":\"https:\/\/gandj.co.il\/?s={search_term_string}\"},\"query-input\":{\"@type\":\"PropertyValueSpecification\",\"valueRequired\":true,\"valueName\":\"search_term_string\"}}],\"inLanguage\":\"en-US\"},{\"@type\":\"Organization\",\"@id\":\"https:\/\/gandj.co.il\/#organization\",\"name\":\"GEORGE & JOHN restaurant\",\"url\":\"https:\/\/gandj.co.il\/\",\"logo\":{\"@type\":\"ImageObject\",\"inLanguage\":\"en-US\",\"@id\":\"https:\/\/gandj.co.il\/#\/schema\/logo\/image\/\",\"url\":\"https:\/\/gandj.co.il\/wp-content\/uploads\/2019\/08\/cropped-logo_g__black-1.png\",\"contentUrl\":\"https:\/\/gandj.co.il\/wp-content\/uploads\/2019\/08\/cropped-logo_g__black-1.png\",\"width\":2119,\"height\":535,\"caption\":\"GEORGE & JOHN restaurant\"},\"image\":{\"@id\":\"https:\/\/gandj.co.il\/#\/schema\/logo\/image\/\"}}]}<\/script>\n<!-- \/ Yoast SEO plugin. -->","yoast_head_json":{"title":"Relais &amp; Ch\u00e2teaux - GEORGE &amp; JOHN restaurant","robots":{"index":"index","follow":"follow","max-snippet":"max-snippet:-1","max-image-preview":"max-image-preview:large","max-video-preview":"max-video-preview:-1"},"canonical":"https:\/\/gandj.co.il\/en\/relais-chateaux\/","og_locale":"en_US","og_type":"article","og_title":"Relais &amp; Ch\u00e2teaux - GEORGE &amp; JOHN restaurant","og_description":"George and John restaurant is a proud member of Relais &amp; Ch\u00e2teaux association since 2023. Relais &amp; Ch\u00e2teaux &#8211; A movement with meaning Relais &amp; Ch\u00e2teaux, established in 1954, is an association of 580 unique hotels and restaurants throughout the world, owned and operated by independent entrepreneurs \u2013 most often families \u2013 who are passionate [&hellip;]","og_url":"https:\/\/gandj.co.il\/en\/relais-chateaux\/","og_site_name":"GEORGE &amp; JOHN restaurant","article_modified_time":"2023-12-11T14:41:56+00:00","og_image":[{"url":"https:\/\/gandj.co.il\/wp-content\/uploads\/2019\/05\/image001-1.png","type":"","width":"","height":""}],"twitter_card":"summary_large_image","twitter_misc":{"Est. reading time":"1 minute"},"schema":{"@context":"https:\/\/schema.org","@graph":[{"@type":"WebPage","@id":"https:\/\/gandj.co.il\/en\/relais-chateaux\/","url":"https:\/\/gandj.co.il\/en\/relais-chateaux\/","name":"Relais &amp; Ch\u00e2teaux - GEORGE &amp; JOHN restaurant","isPartOf":{"@id":"https:\/\/gandj.co.il\/#website"},"primaryImageOfPage":{"@id":"https:\/\/gandj.co.il\/en\/relais-chateaux\/#primaryimage"},"image":{"@id":"https:\/\/gandj.co.il\/en\/relais-chateaux\/#primaryimage"},"thumbnailUrl":"https:\/\/gandj.co.il\/wp-content\/uploads\/2019\/05\/image001-1.png","datePublished":"2023-12-11T14:38:22+00:00","dateModified":"2023-12-11T14:41:56+00:00","breadcrumb":{"@id":"https:\/\/gandj.co.il\/en\/relais-chateaux\/#breadcrumb"},"inLanguage":"en-US","potentialAction":[{"@type":"ReadAction","target":["https:\/\/gandj.co.il\/en\/relais-chateaux\/"]}]},{"@type":"ImageObject","inLanguage":"en-US","@id":"https:\/\/gandj.co.il\/en\/relais-chateaux\/#primaryimage","url":"https:\/\/gandj.co.il\/wp-content\/uploads\/2019\/05\/image001-1.png","contentUrl":"https:\/\/gandj.co.il\/wp-content\/uploads\/2019\/05\/image001-1.png"},{"@type":"BreadcrumbList","@id":"https:\/\/gandj.co.il\/en\/relais-chateaux\/#breadcrumb","itemListElement":[{"@type":"ListItem","position":1,"name":"\u05d3\u05e3 \u05d4\u05d1\u05d9\u05ea","item":"https:\/\/gandj.co.il\/"},{"@type":"ListItem","position":2,"name":"Relais &amp; Ch\u00e2teaux"}]},{"@type":"WebSite","@id":"https:\/\/gandj.co.il\/#website","url":"https:\/\/gandj.co.il\/","name":"GEORGE & JOHN restaurant","description":"by The Drisco","publisher":{"@id":"https:\/\/gandj.co.il\/#organization"},"potentialAction":[{"@type":"SearchAction","target":{"@type":"EntryPoint","urlTemplate":"https:\/\/gandj.co.il\/?s={search_term_string}"},"query-input":{"@type":"PropertyValueSpecification","valueRequired":true,"valueName":"search_term_string"}}],"inLanguage":"en-US"},{"@type":"Organization","@id":"https:\/\/gandj.co.il\/#organization","name":"GEORGE & JOHN restaurant","url":"https:\/\/gandj.co.il\/","logo":{"@type":"ImageObject","inLanguage":"en-US","@id":"https:\/\/gandj.co.il\/#\/schema\/logo\/image\/","url":"https:\/\/gandj.co.il\/wp-content\/uploads\/2019\/08\/cropped-logo_g__black-1.png","contentUrl":"https:\/\/gandj.co.il\/wp-content\/uploads\/2019\/08\/cropped-logo_g__black-1.png","width":2119,"height":535,"caption":"GEORGE & JOHN restaurant"},"image":{"@id":"https:\/\/gandj.co.il\/#\/schema\/logo\/image\/"}}]}},"_links":{"self":[{"href":"https:\/\/gandj.co.il\/en\/wp-json\/wp\/v2\/pages\/1535","targetHints":{"allow":["GET"]}}],"collection":[{"href":"https:\/\/gandj.co.il\/en\/wp-json\/wp\/v2\/pages"}],"about":[{"href":"https:\/\/gandj.co.il\/en\/wp-json\/wp\/v2\/types\/page"}],"author":[{"embeddable":true,"href":"https:\/\/gandj.co.il\/en\/wp-json\/wp\/v2\/users\/2"}],"replies":[{"embeddable":true,"href":"https:\/\/gandj.co.il\/en\/wp-json\/wp\/v2\/comments?post=1535"}],"version-history":[{"count":0,"href":"https:\/\/gandj.co.il\/en\/wp-json\/wp\/v2\/pages\/1535\/revisions"}],"wp:attachment":[{"href":"https:\/\/gandj.co.il\/en\/wp-json\/wp\/v2\/media?parent=1535"}],"curies":[{"name":"wp","href":"https:\/\/api.w.org\/{rel}","templated":true}]}}